{"id":3,"date":"2026-02-11T19:51:00","date_gmt":"2026-02-11T19:51:00","guid":{"rendered":"https:\/\/lascodog.com\/?page_id=3"},"modified":"2026-02-17T21:35:08","modified_gmt":"2026-02-17T21:35:08","slug":"privacy-policy","status":"publish","type":"page","link":"https:\/\/lascodog.com\/?page_id=3","title":{"rendered":"Datenschutzerkl\u00e4rung"},"content":{"rendered":"\n<h2 class=\"wp-block-heading\">Verantwortlicher f\u00fcr die Datenverarbeitung ist:<\/h2>\n\n\n\n<p class=\"has-small-font-size\">No\u00e9mie Lentz<\/p>\n\n\n\n<p class=\"has-small-font-size\">rue de la R\u00e9sistance<\/p>\n\n\n\n<p class=\"has-small-font-size\">3340 Huncherange<\/p>\n\n\n\n<p>nole00003@htw-saar.de<\/p>\n\n\n\n<h2 class=\"wp-block-heading\"><\/h2>\n\n\n\n<p>Wir freuen uns \u00fcber ihr Interesse an unserem Online-Shop. Der Schutz Ihrer Privatsph\u00e4re ist f\u00fcr uns sehr wichtig. Nachstehend informieren wir Sie ausf\u00fchrlich \u00fcber den Umgang mit ihren Daten<\/p>\n\n\n\n<h2 class=\"wp-block-heading\">1. Zugriffsdaten und Hosting<\/h2>\n\n\n\n<p>Sie k\u00f6nnen unsere Webseiten besuchen, ohne Angaben zu Ihrer Person zu machen. Bei jedem Aufruf einer Webseite speichert der Webserver lediglich automatisch ein sogenanntes Server-Logfile, das z.B. den Namen der angeforderten Datei, Ihre IP-Adresse, Datum und Uhrzeit des Abrufs, \u00fcbertragene Datenmenge und den anfragenden Provider (Zugriffsdaten) enth\u00e4lt und den Abruf dokumentiert. Diese Zugriffsdaten werden ausschlie\u00dflich zum Zwecke der Sicherstellung eines st\u00f6rungsfreien Betriebs der Seite sowie der Verbesserung unseres Angebots ausgewertet. Dies dient der Wahrung unserer im Rahmen einer Interessensabw\u00e4gung \u00fcberwiegenden berechtigten Interessen an einer korrekten Darstellung unseres Angebots gem\u00e4\u00df Art. 6 Abs. 1 S. 1 lit. f DSGVO. Alle Zugriffsdaten werden sp\u00e4testens sieben Tage nach Ende Ihres Seitenbesuchs gel\u00f6scht.<\/p>\n\n\n\n<h2 class=\"wp-block-heading\"><strong>2. Datenverarbeitung zur Vertragsabwicklung und zur Kontaktaufnahme<\/strong><\/h2>\n\n\n\n<p><strong>2.1 Datenverarbeitung zur Vertragsabwicklung<\/strong><\/p>\n\n\n\n<p>Zum Zwecke der Vertragsabwicklung (inkl. Anfragen zu und Abwicklung von ggf. bestehenden Gew\u00e4hrleistungs- und Leistungsst\u00f6rungsanspr\u00fcchen sowie etwaiger gesetzlicher Aktualisierungspflichten) gem\u00e4\u00df Art. 6 Abs. 1 S. 1 lit. b DSGVO erheben wir personenbezogene Daten, wenn Sie uns diese im Rahmen Ihrer Bestellung freiwillig mitteilen. Pflichtfelder werden als solche gekennzeichnet, da wir in diesen F\u00e4llen die Daten zwingend zur Vertragsabwicklung ben\u00f6tigen und wir ohne deren Angabe die Bestellung nicht versenden k\u00f6nnen. Welche Daten erhoben werden, ist aus den jeweiligen Eingabeformularen ersichtlich.<\/p>\n\n\n\n<p>Weitere Informationen zu der Verarbeitung Ihrer Daten, insbesondere zu der Weitergabe an unsere Dienstleister zum Zwecke der Bestellungs-, Zahlungs- und Versandabwicklung, finden Sie in den nachfolgenden Abschnitten dieser Datenschutzerkl\u00e4rung. Nach vollst\u00e4ndiger Abwicklung des Vertrages werden Ihre Daten f\u00fcr die weitere Verarbeitung eingeschr\u00e4nkt und nach Ablauf der steuer- und handelsrechtlichen Aufbewahrungsfristen gem\u00e4\u00df Art. 6 Abs. 1 S. 1 lit. c DSGVO gel\u00f6scht, sofern Sie nicht ausdr\u00fccklich in eine weitere Nutzung Ihrer Daten gem\u00e4\u00df Art. 6 Abs. 1 S. 1 lit. a DSGVO eingewilligt haben oder wir uns eine dar\u00fcber hinausgehende Datenverwendung vorbehalten, die gesetzlich erlaubt ist und \u00fcber die wir Sie in dieser Erkl\u00e4rung informieren.<\/p>\n\n\n\n<p><strong>2.2 Kundenkonto<\/strong><\/p>\n\n\n\n<p>Soweit Sie hierzu Ihre Einwilligung nach Art. 6 Abs. 1 S. 1 lit. a DSGVO erteilt haben, indem Sie sich f\u00fcr die Er\u00f6ffnung eines Kundenkontos entscheiden, verwenden wir Ihre Daten zum Zwecke der Kundenkontoer\u00f6ffnung sowie zur Speicherung Ihrer Daten f\u00fcr weitere zuk\u00fcnftige Bestellungen auf unserer Webseite. Die L\u00f6schung Ihres Kundenkontos ist jederzeit m\u00f6glich und kann entweder durch eine Nachricht an die in dieser Datenschutzerkl\u00e4rung beschriebene Kontaktm\u00f6glichkeit oder \u00fcber eine daf\u00fcr vorgesehene Funktion im Kundenkonto erfolgen. Nach L\u00f6schung Ihres Kundenkontos werden Ihre Daten gel\u00f6scht, sofern Sie nicht ausdr\u00fccklich in eine weitere Nutzung Ihrer Daten gem\u00e4\u00df Art. 6 Abs. 1 S. 1 lit. a DSGVO eingewilligt haben oder wir uns eine dar\u00fcber hinausgehende Datenverwendung vorbehalten, die gesetzlich erlaubt ist und \u00fcber die wir Sie in dieser Erkl\u00e4rung informieren.<\/p>\n\n\n\n<p><strong>2.3 Kontaktaufnahme<\/strong><\/p>\n\n\n\n<p>Im Rahmen der Kundenkommunikation erheben wir zur Bearbeitung Ihrer Anfragen gem\u00e4\u00df Art. 6 Abs. 1 S. 1 lit. b DSGVO personenbezogene Daten, wenn Sie uns diese bei einer Kontaktaufnahme mit uns (z.B. per Kontaktformular oder E-Mail) freiwillig mitteilen. Pflichtfelder werden als solche gekennzeichnet, da wir in diesen F\u00e4llen die Daten zwingend zur Bearbeitung Ihrer Kontaktaufnahme ben\u00f6tigen. Welche Daten erhoben werden, ist aus den jeweiligen Eingabeformularen ersichtlich. Nach vollst\u00e4ndiger Bearbeitung Ihrer Anfrage werden Ihre Daten gel\u00f6scht, sofern Sie nicht ausdr\u00fccklich in eine weitere Nutzung Ihrer Daten gem\u00e4\u00df Art. 6 Abs. 1 S. 1 lit. a DSGVO eingewilligt haben oder wir uns eine dar\u00fcber hinausgehende Datenverwendung vorbehalten, die gesetzlich erlaubt ist und \u00fcber die wir Sie in dieser Erkl\u00e4rung informieren.<\/p>\n\n\n\n<p class=\"has-medium-font-size\"><strong>3. Datenverarbeitung zum Zwecke der Versandabwicklung<\/strong><\/p>\n\n\n\n<p>Zur Vertragserf\u00fcllung gem\u00e4\u00df Art. 6 Abs. 1 S. 1 lit. b DSGVO geben wir Ihre Daten an den mit der Lieferung beauftragten Versanddienstleister weiter, soweit dies zur Lieferung bestellter Waren erforderlich ist.<\/p>\n\n\n\n<p class=\"has-medium-font-size\"><strong>4. Datenverarbeitung zur Zahlungsabwicklung<\/strong><\/p>\n\n\n\n<p>Bei der Abwicklung von Zahlungen in unserem Online-Shop arbeiten wir mit diesen Partnern zusammen: technische Dienstleister, Kreditinstitute, Zahlungsdienstleister.<\/p>\n\n\n\n<p><strong>4.1 Datenverarbeitung zur Transaktionsabwicklung<\/strong><\/p>\n\n\n\n<p>Je nach ausgew\u00e4hlter Zahlungsart geben wir die f\u00fcr die Abwicklung der Zahlungstransaktion notwendigen Daten an unsere technischen Dienstleister, die im Rahmen einer Auftragsverarbeitung f\u00fcr uns t\u00e4tig sind, oder an die beauftragten Kreditinstitute oder an den ausgew\u00e4hlten Zahlungsdienstleister weiter, soweit dies zur Abwicklung der Zahlung erforderlich ist. Dies dient der Vertragserf\u00fcllung gem\u00e4\u00df Art. 6 Abs. 1 S. 1 lit. b DSGVO. Zum Teil erheben die Zahlungsdienstleister die f\u00fcr die Abwicklung der Zahlung erforderlichen Daten selbst, z.B. auf ihrer eigenen Webseite oder \u00fcber eine technische Einbindung im Bestellprozess. Es gilt insoweit die Datenschutzerkl\u00e4rung des jeweiligen Zahlungsdienstleisters.<br>Bei Fragen zu unseren Partnern f\u00fcr die Zahlungsabwicklung und der Grundlage unserer Zusammenarbeit mit ihnen wenden Sie sich bitte an die in dieser Datenschutzerkl\u00e4rung beschriebenen Kontaktm\u00f6glichkeit.<\/p>\n\n\n\n<p><strong>4.2 Datenverarbeitung zum Zwecke der Betrugspr\u00e4vention und der Optimierung unserer Zahlungsprozesse<\/strong><\/p>\n\n\n\n<p>Gegebenenfalls geben wir unseren Dienstleistern weitere Daten, die sie zusammen mit den f\u00fcr die Abwicklung der Zahlung notwendigen Daten als unsere Auftragsverarbeiter zum Zwecke der Betrugspr\u00e4vention und der Optimierung unserer Zahlungsprozesse (z.B. Rechnungsstellung, Abwicklung von angefochtenen Zahlungen, Unterst\u00fctzung der Buchhaltung) verwenden. Dies dient gem\u00e4\u00df Art. 6 Abs. 1 S. 1 lit. f DSGVO der Wahrung unserer im Rahmen einer Interessensabw\u00e4gung \u00fcberwiegenden berechtigten Interessen an unserer Absicherung gegen Betrug bzw. an einem effizienten Zahlungsmanagement.<\/p>\n\n\n\n<p><strong>6. Kontaktm\u00f6glichkeiten und Ihre Rechte<\/strong><\/p>\n\n\n\n<p><strong>6.1 Ihre Rechte<\/strong><\/p>\n\n\n\n<p>Als Betroffener haben Sie folgende Rechte:<\/p>\n\n\n\n<ul class=\"wp-block-list\">\n<li>gem\u00e4\u00df Art. 15 DSGVO das Recht, in dem dort bezeichneten Umfang Auskunft \u00fcber Ihre von uns verarbeiteten personenbezogenen Daten zu verlangen;<\/li>\n\n\n\n<li>gem\u00e4\u00df Art. 16 DSGVO das Recht, unverz\u00fcglich die Berichtigung unrichtiger oder Vervollst\u00e4ndigung Ihrer bei uns gespeicherten personenbezogenen Daten zu verlangen;<\/li>\n\n\n\n<li>gem\u00e4\u00df Art. 17 DSGVO das Recht, die L\u00f6schung Ihrer bei uns gespeicherten personenbezogenen Daten zu verlangen, soweit nicht die weitere Verarbeitung<\/li>\n\n\n\n<li>zur Aus\u00fcbung des Rechts auf freie Meinungs\u00e4u\u00dferung und Information;<\/li>\n\n\n\n<li>zur Erf\u00fcllung einer rechtlichen Verpflichtung;<\/li>\n\n\n\n<li>aus Gr\u00fcnden des \u00f6ffentlichen Interesses oder<\/li>\n\n\n\n<li>zur Geltendmachung, Aus\u00fcbung oder Verteidigung von Rechtsanspr\u00fcchen erforderlich ist;<\/li>\n\n\n\n<li>gem\u00e4\u00df Art. 18 DSGVO das Recht, die Einschr\u00e4nkung der Verarbeitung Ihrer personenbezogenen Daten zu verlangen, soweit<\/li>\n\n\n\n<li>die Richtigkeit der Daten von Ihnen bestritten wird;<\/li>\n\n\n\n<li>die Verarbeitung unrechtm\u00e4\u00dfig ist, Sie aber deren L\u00f6schung ablehnen;<\/li>\n\n\n\n<li>wir die Daten nicht mehr ben\u00f6tigen, Sie diese jedoch zur Geltendmachung, Aus\u00fcbung oder Verteidigung von Rechtsanspr\u00fcchen ben\u00f6tigen oder<\/li>\n\n\n\n<li>Sie gem\u00e4\u00df Art. 21 DSGVO Widerspruch gegen die Verarbeitung eingelegt haben;<\/li>\n\n\n\n<li>gem\u00e4\u00df Art. 20 DSGVO das Recht, Ihre personenbezogenen Daten, die Sie uns bereitgestellt haben, in einem strukturierten, g\u00e4ngigen und maschinenlesbaren Format zu erhalten oder die \u00dcbermittlung an einen anderen Verantwortlichen zu verlangen;<\/li>\n\n\n\n<li>gem\u00e4\u00df Art. 77 DSGVO das Recht, sich bei einer Aufsichtsbeh\u00f6rde zu beschweren. In der Regel k\u00f6nnen Sie sich hierf\u00fcr an die Aufsichtsbeh\u00f6rde Ihres \u00fcblichen Aufenthaltsortes oder Arbeitsplatzes oder unseres Unternehmenssitzes wenden.<\/li>\n<\/ul>\n\n\n\n<p><strong>Widerspruchsrecht<\/strong><\/p>\n\n\n\n<p>Soweit wir zur Wahrung unserer im Rahmen einer Interessensabw\u00e4gung \u00fcberwiegenden berechtigten Interessen personenbezogene Daten wie oben erl\u00e4utert verarbeiten, k\u00f6nnen Sie dieser Verarbeitung mit Wirkung f\u00fcr die Zukunft widersprechen. Erfolgt die Verarbeitung zu Zwecken des Direktmarketings, k\u00f6nnen Sie dieses Recht jederzeit wie oben beschrieben aus\u00fcben. Soweit die Verarbeitung zu anderen Zwecken erfolgt, steht Ihnen ein Widerspruchsrecht nur bei Vorliegen von Gr\u00fcnden, die sich aus Ihrer besonderen Situation ergeben, zu.<\/p>\n\n\n\n<p>Nach Aus\u00fcbung Ihres Widerspruchsrechts werden wir Ihre personenbezogenen Daten nicht weiter zu diesen Zwecken verarbeiten, es sei denn, wir k\u00f6nnen zwingende schutzw\u00fcrdige Gr\u00fcnde f\u00fcr die Verarbeitung nachweisen, die Ihre Interessen, Rechte und Freiheiten \u00fcberwiegen, oder wenn die Verarbeitung der Geltendmachung, Aus\u00fcbung oder Verteidigung von Rechtsanspr\u00fcchen dient.<\/p>\n\n\n\n<p>Dies gilt nicht, wenn die Verarbeitung zu Zwecken des Direktmarketings erfolgt. Dann werden wir Ihre personenbezogenen Daten nicht weiter zu diesem Zweck verarbeiten.<\/p>\n\n\n\n<p><strong>6.2 Kontaktm\u00f6glichkeiten<\/strong><\/p>\n\n\n\n<p>Bei Fragen zur Erhebung, Verarbeitung oder Nutzung Ihrer personenbezogenen Daten, bei Ausk\u00fcnften, Berichtigung, Einschr\u00e4nkung oder L\u00f6schung von Daten sowie Widerruf erteilter Einwilligungen oder Widerspruch gegen eine bestimmte Datenverwendung wenden Sie sich bitte direkt an uns \u00fcber die Kontaktdaten in unserem Impressum.<\/p>\n\n\n\n<p><a href=\"https:\/\/legal.trustedshops.com\/produkte\/rechtstexter\" target=\"_blank\" rel=\"noreferrer noopener\">Datenschutzerkl\u00e4rung<\/a>\u00a0erstellt mit dem\u00a0<a href=\"https:\/\/legal.trustedshops.com\/\" target=\"_blank\" rel=\"noreferrer noopener\">Trusted Shops<\/a>\u00a0Rechtstexter<\/p>\n\n\n\n<h2 class=\"wp-block-heading\"><\/h2>\n","protected":false},"excerpt":{"rendered":"<p>Verantwortlicher f\u00fcr die Datenverarbeitung ist: No\u00e9mie Lentz rue de la R\u00e9sistance 3340 Huncherange nole00003@htw-saar.de Wir freuen uns \u00fcber ihr Interesse an unserem Online-Shop. Der Schutz Ihrer Privatsph\u00e4re ist f\u00fcr uns&#8230;<\/p>\n","protected":false},"author":1,"featured_media":0,"parent":0,"menu_order":0,"comment_status":"closed","ping_status":"open","template":"","meta":{"footnotes":""},"class_list":["post-3","page","type-page","status-publish"],"_links":{"self":[{"href":"https:\/\/lascodog.com\/index.php?rest_route=\/wp\/v2\/pages\/3","targetHints":{"allow":["GET"]}}],"collection":[{"href":"https:\/\/lascodog.com\/index.php?rest_route=\/wp\/v2\/pages"}],"about":[{"href":"https:\/\/lascodog.com\/index.php?rest_route=\/wp\/v2\/types\/page"}],"author":[{"embeddable":true,"href":"https:\/\/lascodog.com\/index.php?rest_route=\/wp\/v2\/users\/1"}],"replies":[{"embeddable":true,"href":"https:\/\/lascodog.com\/index.php?rest_route=%2Fwp%2Fv2%2Fcomments&post=3"}],"version-history":[{"count":1,"href":"https:\/\/lascodog.com\/index.php?rest_route=\/wp\/v2\/pages\/3\/revisions"}],"predecessor-version":[{"id":1446,"href":"https:\/\/lascodog.com\/index.php?rest_route=\/wp\/v2\/pages\/3\/revisions\/1446"}],"wp:attachment":[{"href":"https:\/\/lascodog.com\/index.php?rest_route=%2Fwp%2Fv2%2Fmedia&parent=3"}],"curies":[{"name":"wp","href":"https:\/\/api.w.org\/{rel}","templated":true}]}}